{"id":1080,"date":"2026-03-05T13:42:46","date_gmt":"2026-03-05T12:42:46","guid":{"rendered":"https:\/\/easysoles.de\/shop\/?page_id=1080"},"modified":"2026-03-13T12:52:18","modified_gmt":"2026-03-13T11:52:18","slug":"versandkosten","status":"publish","type":"page","link":"https:\/\/easysoles.de\/shop\/versandkosten\/","title":{"rendered":"Versandkosten"},"content":{"rendered":"<p>[et_pb_section fb_built=&#8220;1&#8243; _builder_version=&#8220;4.27.4&#8243; _module_preset=&#8220;default&#8220; background_color=&#8220;RGBA(255,255,255,0)&#8220; global_colors_info=&#8220;{}&#8220;][et_pb_row _builder_version=&#8220;4.27.4&#8243; _module_preset=&#8220;default&#8220; global_colors_info=&#8220;{}&#8220;][et_pb_column type=&#8220;4_4&#8243; _builder_version=&#8220;4.27.4&#8243; _module_preset=&#8220;default&#8220; global_colors_info=&#8220;{}&#8220;][et_pb_heading title=&#8220;Versandkosten&#8220; _builder_version=&#8220;4.27.4&#8243; _module_preset=&#8220;default&#8220; title_font=&#8220;|600|||||||&#8220; title_text_align=&#8220;center&#8220; title_text_color=&#8220;#235286&#8243; title_font_size=&#8220;26px&#8220; global_colors_info=&#8220;{}&#8220;][\/et_pb_heading][\/et_pb_column][\/et_pb_row][et_pb_row _builder_version=&#8220;4.27.4&#8243; _module_preset=&#8220;default&#8220; global_colors_info=&#8220;{}&#8220;][et_pb_column type=&#8220;4_4&#8243; _builder_version=&#8220;4.27.4&#8243; _module_preset=&#8220;default&#8220; global_colors_info=&#8220;{}&#8220;][et_pb_text ol_position=&#8220;outside&#8220; ol_item_indent=&#8220;20px&#8220; _builder_version=&#8220;4.27.4&#8243; _module_preset=&#8220;default&#8220; header_2_font=&#8220;|600|||||||&#8220; header_2_text_color=&#8220;#235286&#8243; header_2_font_size=&#8220;23px&#8220; header_3_font=&#8220;|700|||||||&#8220; header_3_text_color=&#8220;#235286&#8243; header_3_font_size=&#8220;18px&#8220; header_3_line_height=&#8220;1.7em&#8220; text_orientation=&#8220;justified&#8220; hover_enabled=&#8220;0&#8243; custom_css_free_form=&#8220;h2 {||    padding-top: 25px;    \/* Abstand oben *\/||  }||h3 {||    padding-top: 25px;    \/* Abstand oben *\/||    \/*margin-bottom: 10px; \/* Abstand unten *\/||}&#8220; global_colors_info=&#8220;{}&#8220; sticky_enabled=&#8220;0&#8243;]<\/p>\n<p>In allen dargestellten Preisen sind die gesetzliche Umsatzsteuer und sonstige Preisbestandteile enthalten, jedoch ohne die jeweils anfallenden Liefer- und Versandkosten.<\/p>\n<p>Beim Kauf und der anschlie\u00dfenden Versendung unserer Waren berechnen wir folgende Verpackungs- und Versandgeb\u00fchren:<\/p>\n<h2>Deutschland<\/h2>\n<p>F\u00fcr Sendungen innerhalb Deutschlands fallen keine Versandkosten an.<\/p>\n<h3>Versandablauf:<\/h3>\n<ol>\n<li>Versand des <a href=\"https:\/\/easysoles.de\/fussabdruckset\/\">Fu\u00dfabdrucksets<\/a> (Trittschaumbox) an den Kunden<\/li>\n<li>R\u00fcckversand des <a href=\"https:\/\/easysoles.de\/fussabdruckset\/\">Fu\u00dfabdrucksets<\/a> (Trittschaumbox) vom Kunden an easySoles (f\u00fcr die R\u00fccksendung liegt ein ausreichend frankiertes R\u00fccksendelabel bei)<\/li>\n<li>Versand der fertigen Einlagen an den Kunden<\/li>\n<\/ol>\n<h2>Weitere L\u00e4nder<\/h2>\n<p>F\u00fcr Sendungen nach Belgien, Bulgarien, D\u00e4nemark, Estland, Finnland, Frankreich, Griechenland, Irland, Italien, Kroatien, Lettland, Litauen, Luxemburg, Malta, Niederlande, Polen, Portugal, Rum\u00e4nien, Schweden, Schweiz, Slowakei, Slowenien, Spanien, Tschechien, Ungarn, Zypern und \u00d6sterreich fallen Versandkosten in H\u00f6he von 19,90 \u20ac an.<\/p>\n<h3>Versandablauf:<\/h3>\n<ol>\n<li>Versand des <a href=\"https:\/\/easysoles.de\/fussabdruckset\/\">Fu\u00dfabdrucksets<\/a> (Trittschaumbox) an den Kunden<\/li>\n<li>Versand der fertigen Einlagen an den Kunden<\/li>\n<\/ol>\n<p>Die Kosten f\u00fcr die R\u00fccksendung des <a href=\"https:\/\/easysoles.de\/fussabdruckset\/\">Fu\u00dfabdrucksets<\/a> (Trittschaumbox) an easySoles tr\u00e4gt der Kunde, da es uns leider nicht m\u00f6glich ist, die R\u00fccksendung aus dem Ausland in den Bestellprozess zu integrieren.<\/p>\n<p>Mit Aktualisierung der Internetseiten werden alle vorherigen Preise und sonstigen Angaben \u00fcber Waren ung\u00fcltig. Ma\u00dfgeblich ist jeweils die zum Zeitpunkt der Bestellung g\u00fcltige Fassung.<\/p>\n<p>[\/et_pb_text][\/et_pb_column][\/et_pb_row][\/et_pb_section]<\/p>\n","protected":false},"excerpt":{"rendered":"<p>In allen dargestellten Preisen sind die gesetzliche Umsatzsteuer und sonstige Preisbestandteile enthalten, jedoch ohne die jeweils anfallenden Liefer- und Versandkosten. Beim Kauf und der anschlie\u00dfenden Versendung unserer Waren berechnen wir folgende Verpackungs- und Versandgeb\u00fchren: Deutschland F\u00fcr Sendungen innerhalb Deutschlands fallen keine Versandkosten an. Versandablauf: Versand des Fu\u00dfabdrucksets (Trittschaumbox) an den Kunden R\u00fcckversand des Fu\u00dfabdrucksets (Trittschaumbox) [&hellip;]<\/p>\n","protected":false},"author":1,"featured_media":0,"parent":0,"menu_order":0,"comment_status":"closed","ping_status":"closed","template":"","meta":{"_et_pb_use_builder":"on","_et_pb_old_content":"","_et_gb_content_width":"","footnotes":""},"class_list":["post-1080","page","type-page","status-publish","hentry"],"_links":{"self":[{"href":"https:\/\/easysoles.de\/shop\/wp-json\/wp\/v2\/pages\/1080","targetHints":{"allow":["GET"]}}],"collection":[{"href":"https:\/\/easysoles.de\/shop\/wp-json\/wp\/v2\/pages"}],"about":[{"href":"https:\/\/easysoles.de\/shop\/wp-json\/wp\/v2\/types\/page"}],"author":[{"embeddable":true,"href":"https:\/\/easysoles.de\/shop\/wp-json\/wp\/v2\/users\/1"}],"replies":[{"embeddable":true,"href":"https:\/\/easysoles.de\/shop\/wp-json\/wp\/v2\/comments?post=1080"}],"version-history":[{"count":5,"href":"https:\/\/easysoles.de\/shop\/wp-json\/wp\/v2\/pages\/1080\/revisions"}],"predecessor-version":[{"id":1112,"href":"https:\/\/easysoles.de\/shop\/wp-json\/wp\/v2\/pages\/1080\/revisions\/1112"}],"wp:attachment":[{"href":"https:\/\/easysoles.de\/shop\/wp-json\/wp\/v2\/media?parent=1080"}],"curies":[{"name":"wp","href":"https:\/\/api.w.org\/{rel}","templated":true}]}}