{"id":37,"date":"2025-07-29T14:37:09","date_gmt":"2025-07-29T12:37:09","guid":{"rendered":"https:\/\/easysoles.de\/shop\/mein-konto\/"},"modified":"2026-03-04T13:11:16","modified_gmt":"2026-03-04T12:11:16","slug":"mein-konto","status":"publish","type":"page","link":"https:\/\/easysoles.de\/shop\/mein-konto\/","title":{"rendered":"Mein Konto"},"content":{"rendered":"[et_pb_section fb_built=&#8220;1&#8243; _builder_version=&#8220;4.27.4&#8243; _module_preset=&#8220;default&#8220; background_color=&#8220;#B7D3F4&#8243; custom_padding=&#8220;0px||0px||false|false&#8220; global_colors_info=&#8220;{}&#8220;][et_pb_row _builder_version=&#8220;4.27.4&#8243; _module_preset=&#8220;default&#8220; global_colors_info=&#8220;{}&#8220;][et_pb_column type=&#8220;4_4&#8243; _builder_version=&#8220;4.27.4&#8243; _module_preset=&#8220;default&#8220; global_colors_info=&#8220;{}&#8220;][et_pb_text _builder_version=&#8220;4.27.4&#8243; _module_preset=&#8220;default&#8220; text_font=&#8220;||||||||&#8220; text_text_color=&#8220;#1D2832&#8243; text_font_size=&#8220;20px&#8220; text_line_height=&#8220;1em&#8220; text_orientation=&#8220;center&#8220; animation_style=&#8220;slide&#8220; animation_duration=&#8220;1550ms&#8220; global_colors_info=&#8220;{}&#8220;]<p>Aufgrund der technischen Umstellung bitten wir <strong>Bestandskunden<\/strong>, ihr Konto neu anzulegen.<\/p>\n<p>Keine Sorge: <strong>Ihre Abmessungen und Fu\u00dfabdr\u00fccke bleiben selbstverst\u00e4ndlich erhalten.<\/strong><\/p>[\/et_pb_text][\/et_pb_column][\/et_pb_row][\/et_pb_section][et_pb_section fb_built=&#8220;1&#8243; admin_label=&#8220;section&#8220; _builder_version=&#8220;4.16&#8243; global_colors_info=&#8220;{}&#8220;][et_pb_row _builder_version=&#8220;4.27.4&#8243; _module_preset=&#8220;default&#8220; global_colors_info=&#8220;{}&#8220;][et_pb_column type=&#8220;4_4&#8243; _builder_version=&#8220;4.27.4&#8243; _module_preset=&#8220;default&#8220; global_colors_info=&#8220;{}&#8220;][et_pb_heading title=&#8220;Mein Konto&#8220; _builder_version=&#8220;4.27.4&#8243; _module_preset=&#8220;default&#8220; title_font=&#8220;|700|||||||&#8220; title_text_color=&#8220;#235286&#8243; title_font_size=&#8220;28px&#8220; hover_enabled=&#8220;0&#8243; global_colors_info=&#8220;{}&#8220; sticky_enabled=&#8220;0&#8243;][\/et_pb_heading][\/et_pb_column][\/et_pb_row][et_pb_row make_equal=&#8220;on&#8220; admin_label=&#8220;row&#8220; _builder_version=&#8220;4.27.4&#8243; background_size=&#8220;initial&#8220; background_position=&#8220;top_left&#8220; background_repeat=&#8220;repeat&#8220; custom_padding=&#8220;1px||||false|false&#8220; global_colors_info=&#8220;{}&#8220; gutter_width__hover_enabled=&#8220;on|desktop&#8220;][et_pb_column type=&#8220;4_4&#8243; _builder_version=&#8220;4.16&#8243; custom_padding=&#8220;|||&#8220; global_colors_info=&#8220;{}&#8220; custom_padding__hover=&#8220;|||&#8220;][et_pb_text admin_label=&#8220;Text&#8220; _builder_version=&#8220;4.27.4&#8243; ul_font_size=&#8220;16px&#8220; ul_line_height=&#8220;2em&#8220; header_font=&#8220;|700|||||||&#8220; header_text_color=&#8220;#235286&#8243; header_font_size=&#8220;32px&#8220; background_size=&#8220;initial&#8220; background_position=&#8220;top_left&#8220; background_repeat=&#8220;repeat&#8220; hover_enabled=&#8220;0&#8243; global_colors_info=&#8220;{}&#8220; sticky_enabled=&#8220;0&#8243;]<p><div class=\"woocommerce\"><\/div>\n<\/p>[\/et_pb_text][\/et_pb_column][\/et_pb_row][\/et_pb_section][et_pb_section fb_built=&#8220;1&#8243; fullwidth=&#8220;on&#8220; _builder_version=&#8220;4.27.4&#8243; _module_preset=&#8220;default&#8220; global_colors_info=&#8220;{}&#8220;][\/et_pb_section][et_pb_section fb_built=&#8220;1&#8243; fullwidth=&#8220;on&#8220; _builder_version=&#8220;4.27.4&#8243; _module_preset=&#8220;default&#8220; global_colors_info=&#8220;{}&#8220;][\/et_pb_section]","protected":false},"excerpt":{"rendered":"<p>Aufgrund der technischen Umstellung bitten wir Bestandskunden, ihr Konto neu anzulegen. Keine Sorge: Ihre Abmessungen und Fu\u00dfabdr\u00fccke bleiben selbstverst\u00e4ndlich erhalten.<div class=\"woocommerce\"><\/div><\/p>\n","protected":false},"author":1,"featured_media":0,"parent":0,"menu_order":0,"comment_status":"closed","ping_status":"closed","template":"","meta":{"_et_pb_use_builder":"on","_et_pb_old_content":"<!-- wp:shortcode -->[woocommerce_my_account]<!-- \/wp:shortcode -->","_et_gb_content_width":"1144","footnotes":""},"class_list":["post-37","page","type-page","status-publish","hentry"],"_links":{"self":[{"href":"https:\/\/easysoles.de\/shop\/wp-json\/wp\/v2\/pages\/37","targetHints":{"allow":["GET"]}}],"collection":[{"href":"https:\/\/easysoles.de\/shop\/wp-json\/wp\/v2\/pages"}],"about":[{"href":"https:\/\/easysoles.de\/shop\/wp-json\/wp\/v2\/types\/page"}],"author":[{"embeddable":true,"href":"https:\/\/easysoles.de\/shop\/wp-json\/wp\/v2\/users\/1"}],"replies":[{"embeddable":true,"href":"https:\/\/easysoles.de\/shop\/wp-json\/wp\/v2\/comments?post=37"}],"version-history":[{"count":16,"href":"https:\/\/easysoles.de\/shop\/wp-json\/wp\/v2\/pages\/37\/revisions"}],"predecessor-version":[{"id":1071,"href":"https:\/\/easysoles.de\/shop\/wp-json\/wp\/v2\/pages\/37\/revisions\/1071"}],"wp:attachment":[{"href":"https:\/\/easysoles.de\/shop\/wp-json\/wp\/v2\/media?parent=37"}],"curies":[{"name":"wp","href":"https:\/\/api.w.org\/{rel}","templated":true}]}}